{"id":21,"date":"2024-06-01T23:10:25","date_gmt":"2024-06-01T15:10:25","guid":{"rendered":"http:\/\/jornencn2024.lc:81\/?page_id=21"},"modified":"2024-11-14T09:48:33","modified_gmt":"2024-11-14T01:48:33","slug":"history-2","status":"publish","type":"page","link":"https:\/\/www.jornen.ru\/?page_id=21","title":{"rendered":"\u0418\u0441\u0442\u043e\u0440\u0438\u044f \u041f\u0440\u0435\u0434\u043f\u0440\u0438\u044f\u0442\u0438\u044f"},"content":{"rendered":"\n<div class=\"cntl\">\n\t\t<span class=\"cntl-bar cntl-center\">\n\t\t\t<span class=\"cntl-bar-fill\" style=\"height: 3940.66px;\"><\/span>\n\t\t<\/span>\n\n\t\t<div class=\"cntl-states\">\n\n\t\t\t<div class=\"cntl-state\">\n\t\t\t\t<div class=\"cntl-content\">\n                                     <h4><em><\/em>1986<\/h4>\n\t\t\t\t\t<p>En 1986, el fundador de la compa\u00f1\u00eda, el Sr. Yang Yijun comenz\u00f3 a desarrollar la m\u00e1quina Blister. Despu\u00e9s de trabajar todo el d\u00eda, en 1989 China el primer rodillo de sellado de la m\u00e1quina Blister fue lanzado por \u00e9l y Jornen fue establecida.<\/p>\n\t\t\t\t\t\n\t\t\t\t<\/div>\n\t\t\t\t<div class=\"cntl-image\"><img decoding=\"async\" src=\"\/static\/images\/history\/1_144410403.jpg\"><\/div>\n\t\t\t\t<div class=\"cntl-icon cntl-center\"><\/div>\n\t\t\t<\/div>\n\n\n\t\t\t<div class=\"cntl-state\">\n\t\t\t\t<div class=\"cntl-content\">\n\t\t\t\t\t <h4><em><\/em>1991<\/h4>\n\t\t\t\t\t<p>En 1991, los expertos de la gigante farmac\u00e9utica de China, Shanghai Sine, fueron sorprendidos por la aparici\u00f3n de la m\u00e1quina Blister hecho en casa y comprar una de Jornen inmediatamente. Despu\u00e9s de 17 a\u00f1os de exitosa operaci\u00f3n, la m\u00e1quina se retir\u00f3 en 2009.\n\t\t\t\t\t<\/p>\n\t\t\t\t<\/div>\n\t\t\t\t<div class=\"cntl-image\"><img decoding=\"async\" src=\"\/static\/images\/history\/2_144K5445.jpg\"><\/div>\n\t\t\t\t<div class=\"cntl-icon cntl-center\"><\/div>\n\t\t\t<\/div>\n\n\t\t\t<div class=\"cntl-state\">\n\t\t\t\t<div class=\"cntl-content\">\n\t\t\t\t\t <h4><em><\/em>1993<\/h4>\n\t\t\t\t\t<p> En 1993, Jornen comenz\u00f3 a desarrollar la m\u00e1quina de recubrimiento de cinta, que fue incluida en el &#171;China National Nuevos Productos&#187; de ese a\u00f1o.\n\t\t\t\t\t<\/p>\n\t\t\t\t<\/div>\n\t\t\t\t<div class=\"cntl-image\"><img decoding=\"async\" src=\"\/static\/images\/history\/1993_191101_1.jpg\"><\/div>\n\t\t\t\t<div class=\"cntl-icon cntl-center\"><\/div>\n\t\t\t<\/div>\n\n\t\t\t<div class=\"cntl-state\">\n\t\t\t\t<div class=\"cntl-content\">\n\t\t\t\t\t <h4><em><\/em>1994<\/h4>\n\t\t\t\t\t<p>En 1994, la m\u00e1quina Blister DGB200 se puso en marcha.\n\t\t\t\t\t<\/p>\n\t\t\t\t<\/div>\n\t\t\t\t<div class=\"cntl-image\"><img decoding=\"async\" src=\"\/static\/images\/history\/3_1449593H.jpg\"><\/div>\n\t\t\t\t<div class=\"cntl-icon cntl-center\"><\/div>\n\t\t\t<\/div>\n\n\t\t\t<div class=\"cntl-state\">\n\t\t\t\t<div class=\"cntl-content\">\n\t\t\t\t\t <h4><em><\/em>1995<\/h4>\n\t\t\t\t\t<p>Durante las inspecciones nacionales de supervisi\u00f3n al azar en 1995, 1998 y 2012, la tasa de calificaci\u00f3n de la m\u00e1quina Blister Jornen alcanz\u00f3 el 100%, liderando la industria en China.\n\t\t\t\t\t<\/p>\n\t\t\t\t<\/div>\n\t\t\t\t<div class=\"cntl-image\"><img decoding=\"async\" src=\"\/static\/images\/history\/1995_191101_2.jpg\"><\/div>\n\t\t\t\t<div class=\"cntl-icon cntl-center\"><\/div>\n\t\t\t<\/div>\n                    \n                    <div class=\"cntl-state\">\n\t\t\t\t<div class=\"cntl-content\">\n\t\t\t\t\t <h4><em><\/em>1996<\/h4>\n\t\t\t\t\t<p>En 1996, la m\u00e1quina Blister DPP250D se puso en marcha.\n\t\t\t\t\t<\/p>\n\t\t\t\t<\/div>\n                                <div class=\"cntl-image\"><img decoding=\"async\" src=\"\/static\/images\/history\/4_1453015b.jpg\"><\/div>\n\t\t\t\t<div class=\"cntl-icon cntl-center\"><\/div>\n\t\t\t<\/div>\n                    \n                    <div class=\"cntl-state\">\n\t\t\t\t<div class=\"cntl-content\">\n\t\t\t\t\t <h4><em><\/em>1999<\/h4>\n\t\t\t\t\t<p>En 1999, nuestro Encartonadora primera generaci\u00f3n fue lanzada.\n\t\t\t\t\t<\/p>\n\t\t\t\t<\/div>\n                                <div class=\"cntl-image\"><img decoding=\"async\" src=\"\/static\/images\/history\/5_145421143.jpg\"><\/div>\n\t\t\t\t<div class=\"cntl-icon cntl-center\"><\/div>\n\t\t\t<\/div>\n                    \n                    <div class=\"cntl-state\">\n\t\t\t\t<div class=\"cntl-content\">\n\t\t\t\t\t <h4><em><\/em>2000<\/h4>\n\t\t\t\t\t<p> En 2000, lanzamos nuestra primera l\u00ednea Blister generaci\u00f3n.\n\t\t\t\t\t<\/p>\n\t\t\t\t<\/div>\n                                <div class=\"cntl-image\"><img decoding=\"async\" src=\"\/static\/images\/history\/8_14553b15.jpg\"><\/div>\n\t\t\t\t<div class=\"cntl-icon cntl-center\"><\/div>\n\t\t\t<\/div>\n                    \n                    <div class=\"cntl-state cntl-animate\">\n\t\t\t\t<div class=\"cntl-content\">\n\t\t\t\t\t <h4><em><\/em>2001<\/h4>\n\t\t\t\t\t<p>En 2001, lanzamos nuestra primera m\u00e1quina rotativa Blister sellado.\n\t\t\t\t\t<\/p>\n\t\t\t\t<\/div>\n                                <div class=\"cntl-image\"><img decoding=\"async\" src=\"\/static\/images\/history\/9_145JAc.jpg\"><\/div>\n\t\t\t\t<div class=\"cntl-icon cntl-center\"><\/div>\n\t\t\t<\/div>\n                    \n                    <div class=\"cntl-state cntl-animate\">\n\t\t\t\t<div class=\"cntl-content\">\n\t\t\t\t\t <h4><em><\/em>2003<\/h4>\n\t\t\t\t\t<p> En 2003, se traslad\u00f3 a Shanghai Jornen y fue incluida en el &#171;Shanghai High-Tech Empresa&#187; a\u00f1os m\u00e1s tarde.\n\t\t\t\t\t<\/p>\n\t\t\t\t<\/div>\n\t\t\t\t\t\t <div class=\"cntl-image\"><img decoding=\"async\" src=\"\/static\/images\/history\/2003_191101_3.jpg\"><\/div>\n\t\t\t\t<div class=\"cntl-icon cntl-center\"><\/div>\n\t\t\t<\/div>\n                    \n                    <div class=\"cntl-state cntl-animate\">\n\t\t\t\t<div class=\"cntl-content\">\n\t\t\t\t\t <h4><em><\/em>2004<\/h4>\n\t\t\t\t\t<p> En 2004, las ventas superaron los Jornen RMB 100 millones para la primera vez.\n\t\t\t\t\t<\/p>\n\t\t\t\t<\/div>\n\n\t\t\t\t<div class=\"cntl-icon cntl-center\"><\/div>\n\t\t\t<\/div>\n                    \n                    <div class=\"cntl-state cntl-animate\">\n\t\t\t\t<div class=\"cntl-content\">\n\t\t\t\t\t <h4><em><\/em>2005<\/h4>\n\t\t\t\t\t<p> En 2005, nuestro primer servo-regulada rotativo Blister sellado de la m\u00e1quina se puso en 8. marcha DHP190 que alcanz\u00f3 los 200 golpes \/ minuto.\n\t\t\t\t\t<\/p>\n\t\t\t\t<\/div>\n                                <div class=\"cntl-image\"><img decoding=\"async\" src=\"\/static\/images\/history\/12_145U94b.jpg\"><\/div>\n\t\t\t\t<div class=\"cntl-icon cntl-center\"><\/div>\n\t\t\t<\/div>\n                    \n                    <div class=\"cntl-state cntl-animate\">\n\t\t\t\t<div class=\"cntl-content\">\n\t\t\t\t\t <h4><em><\/em>2007<\/h4>\n\t\t\t\t\t<p>En 2007, la m\u00e1quina Blister DPP260Ki se puso en marcha. La artesan\u00eda exquisita y excelente calidad convierten en una pieza de arte.\n\t\t\t\t\t<\/p>\n\t\t\t\t<\/div>\n                                <div class=\"cntl-image\"><img decoding=\"async\" src=\"\/static\/images\/history\/13_150413260.jpg\"><\/div>\n\t\t\t\t<div class=\"cntl-icon cntl-center\"><\/div>\n\t\t\t<\/div>\n                    \n                    <div class=\"cntl-state cntl-animate\">\n\t\t\t\t<div class=\"cntl-content\">\n\t\t\t\t\t <h4><em><\/em>2009<\/h4>\n\t\t\t\t\t<p>En 2009, la L\u00ednea Blister, a 180 cajas \/ hora, se puso en marcha.\n\t\t\t\t\t<\/p>\n\t\t\t\t<\/div>\n                                <div class=\"cntl-image\"><img decoding=\"async\" src=\"\/static\/images\/history\/14_15241X63.jpg\"><\/div>\n\t\t\t\t<div class=\"cntl-icon cntl-center\"><\/div>\n\t\t\t<\/div>\n                    \n                    <div class=\"cntl-state cntl-animate\">\n\t\t\t\t<div class=\"cntl-content\">\n\t\t\t\t\t <h4><em><\/em>2011<\/h4>\n\t\t\t\t\t<p>En 2011, el DPH260 m\u00e1quina rotativa Blister sellado se puso en marcha. Con una potencia m\u00e1xima alcanza 600 ampollas \/ minute\n\n\n\t\t\t\t\t<\/p>\n\t\t\t\t<\/div>\n                                <div class=\"cntl-image\"><img decoding=\"async\" src=\"\/static\/images\/history\/15_150643535.jpg\"><\/div>\n\t\t\t\t<div class=\"cntl-icon cntl-center\"><\/div>\n\t\t\t<\/div>\n                    \n                    <div class=\"cntl-state cntl-animate\">\n\t\t\t\t<div class=\"cntl-content\">\n\t\t\t\t\t <h4><em><\/em>2012<\/h4>\n\t\t\t\t\t<p>En 2012, Jornen lanz\u00f3 M\u00e1quina Estuchadora a 300 cajas \/ minuto.\n\t\t\t\t\t<\/p>\n\t\t\t\t<\/div>\n                                <div class=\"cntl-image\"><img decoding=\"async\" src=\"\/static\/images\/history\/16_150J9442.png\"><\/div>\n\t\t\t\t<div class=\"cntl-icon cntl-center\"><\/div>\n\t\t\t<\/div>\n                    \n                    <div class=\"cntl-state cntl-animate\">\n\t\t\t\t<div class=\"cntl-content\">\n\t\t\t\t\t <h4><em><\/em>2015<\/h4>\n\t\t\t\t\t<p> En 2015, se lanz\u00f3 la L\u00ednea de Envases Bl\u00edster a 300 cajas \/ minuto.\n\t\t\t\t\t<\/p>\n\t\t\t\t<\/div>\n                                <div class=\"cntl-image\"><img decoding=\"async\" src=\"\/static\/images\/history\/17_141J24T.jpg\"><\/div>\n\t\t\t\t<div class=\"cntl-icon cntl-center\"><\/div>\n\t\t\t<\/div>\n                    \n                    <div class=\"cntl-state cntl-animate\">\n\t\t\t\t<div class=\"cntl-content\">\n\t\t\t\t\t <h4><em><\/em>2017<\/h4>\n\t\t\t\t\t<p> En 2017, Jornen lanz\u00f3 la L\u00ednea de Envases Bl\u00edster 400 con una producci\u00f3n de 400 cajas \/ minuto.\n\t\t\t\t\t<\/p>\n\t\t\t\t<\/div>\n                                <div class=\"cntl-image\"><img decoding=\"async\" src=\"\/static\/images\/history\/18_100233646.jpg\"><\/div>\n\t\t\t\t<div class=\"cntl-icon cntl-center\"><\/div>\n\t\t\t<\/div>\n\t\t\t\n\t\t\t\t<div class=\"cntl-state\">\n\t\t\t\t<div class=\"cntl-content\">\n\t\t\t\t\t <h4><em><\/em>2018<\/h4>\n\t\t\t\t\t<p>En 2018, Jornen lanz\u00f3 la l\u00ednea 400 de envasado en blister estilo platina con una producci\u00f3n que alcanza las 400 cajas\/minuto.\n\t\t\t\t\t<\/p>\n\t\t\t\t<\/div>\n                                <div class=\"cntl-image\"><img decoding=\"async\" src=\"\/static\/images\/history\/2018_191101_4.jpg\"><\/div>\n\t\t\t\t<div class=\"cntl-icon cntl-center\"><\/div>\n\t\t\t<\/div>\n\t\t\t\n\t\t\t<div class=\"cntl-state\">\n\t\t\t\t<div class=\"cntl-content\">\n\t\t\t\t\t <h4><em><\/em>2020<\/h4>\n\t\t\t\t\t<p>En 2020 se lanz\u00f3 la l\u00ednea Blister totalmente servorregulada, con una producci\u00f3n que alcanza las 500 cajas\/minuto.\n\t\t\t\t\t<\/p>\n\t\t\t\t<\/div>\n                                <div class=\"cntl-image\"><img decoding=\"async\" src=\"\/static\/images\/history\/2020_1.jpg\"><\/div>\n\t\t\t\t<div class=\"cntl-icon cntl-center\"><\/div>\n\t\t\t<\/div>\n\n\t\t\t <div class=\"cntl-state\">\n\t\t\t\t<div class=\"cntl-content\">\n\t\t\t\t\t <h4><em><\/em>2023<\/h4>\n\t\t\t\t\t<p>En 2023, la l\u00ednea de envasado singularmente cerrado era quiz\u00e1s la l\u00ednea de bl\u00edster m\u00e1s elegante del mundo.<\/p>\n\t\t\t\t<\/div>\n                                <div class=\"cntl-image\"><img decoding=\"async\" src=\"\/static\/images\/history\/history_2023.jpg\"><\/div>\n\t\t\t\t<div class=\"cntl-icon cntl-center\"><\/div>\n\t\t\t<\/div>\n\t\t<\/div>\n\t<\/div>\n\n\n\n<script type=\"text\/javascript\" src=\"\/static\/js\/jquery.cntl.js\"><\/script>\n<script type=\"text\/javascript\">\n\tjQuery(document).ready(function($) {\n\t\t$('.cntl').cntl({\n\t\t\trevealbefore: 300,\n\t\t\tanim_class: 'cntl-animate',\n\t\t\tonreveal: function(e){\n\t\t\t\tconsole.log(e);\n\t\t\t}\n\t\t});\n\t});\n<\/script>\n","protected":false},"excerpt":{"rendered":"<p>1986 En 1986, el fundador de la compa\u00f1\u00eda, el Sr. Yang Yijun comenz\u00f3 a desarrollar la m\u00e1quina Blister. Despu\u00e9s de trabajar todo el d\u00eda, en 1989 China el primer rodillo de sellado de la m\u00e1quina Blister fue lanzado por \u00e9l y Jornen fue establecida. 1991 En 1991, los expertos de la gigante farmac\u00e9utica de China, Shanghai Sine, fueron sorprendidos por la aparici\u00f3n de la m\u00e1quina Blister hecho en casa y comprar una de Jornen inmediatamente. Despu\u00e9s de 17 a\u00f1os de exitosa operaci\u00f3n, la m\u00e1quina se retir\u00f3 en 2009. 1993 En 1993, Jornen comenz\u00f3 a desarrollar la m\u00e1quina de recubrimiento de cinta, que fue incluida en el &#171;China National Nuevos Productos&#187; de ese a\u00f1o. 1994 En 1994, la m\u00e1quina Blister DGB200 se puso en marcha. 1995 &hellip; <\/p>\n","protected":false},"author":1,"featured_media":0,"parent":0,"menu_order":0,"comment_status":"closed","ping_status":"closed","template":"","meta":{"footnotes":""},"class_list":["post-21","page","type-page","status-publish","hentry"],"_links":{"self":[{"href":"https:\/\/www.jornen.ru\/index.php?rest_route=\/wp\/v2\/pages\/21","targetHints":{"allow":["GET"]}}],"collection":[{"href":"https:\/\/www.jornen.ru\/index.php?rest_route=\/wp\/v2\/pages"}],"about":[{"href":"https:\/\/www.jornen.ru\/index.php?rest_route=\/wp\/v2\/types\/page"}],"author":[{"embeddable":true,"href":"https:\/\/www.jornen.ru\/index.php?rest_route=\/wp\/v2\/users\/1"}],"replies":[{"embeddable":true,"href":"https:\/\/www.jornen.ru\/index.php?rest_route=%2Fwp%2Fv2%2Fcomments&post=21"}],"version-history":[{"count":7,"href":"https:\/\/www.jornen.ru\/index.php?rest_route=\/wp\/v2\/pages\/21\/revisions"}],"predecessor-version":[{"id":596,"href":"https:\/\/www.jornen.ru\/index.php?rest_route=\/wp\/v2\/pages\/21\/revisions\/596"}],"wp:attachment":[{"href":"https:\/\/www.jornen.ru\/index.php?rest_route=%2Fwp%2Fv2%2Fmedia&parent=21"}],"curies":[{"name":"wp","href":"https:\/\/api.w.org\/{rel}","templated":true}]}}